{"id":2635,"date":"2021-06-12T16:41:58","date_gmt":"2021-06-12T14:41:58","guid":{"rendered":"https:\/\/www.christiania-hotel.com\/?page_id=2635"},"modified":"2021-11-16T12:08:58","modified_gmt":"2021-11-16T11:08:58","slug":"charmantes-hotel-valloire","status":"publish","type":"page","link":"https:\/\/www.christiania-hotel.com\/de\/charmant-hotel-valloire\/","title":{"rendered":"Charmantes Hotel in Valloire"},"content":{"rendered":"<div data-elementor-type=\"wp-page\" data-elementor-id=\"2635\" class=\"elementor elementor-2635\" data-elementor-post-type=\"page\">\n\t\t\t\t\t\t<section class=\"elementor-section elementor-top-section elementor-element elementor-element-12f65f44 elementor-section-boxed elementor-section-height-default elementor-section-height-default\" data-id=\"12f65f44\" data-element_type=\"section\" data-e-type=\"section\" data-settings=\"{&quot;background_background&quot;:&quot;classic&quot;}\">\n\t\t\t\t\t\t<div class=\"elementor-container elementor-column-gap-default\">\n\t\t\t\t\t<div class=\"elementor-column elementor-col-33 elementor-top-column elementor-element elementor-element-58a998d\" data-id=\"58a998d\" data-element_type=\"column\" data-e-type=\"column\" data-settings=\"{&quot;background_background&quot;:&quot;classic&quot;}\">\n\t\t\t<div class=\"elementor-widget-wrap\">\n\t\t\t\t\t\t\t<\/div>\n\t\t<\/div>\n\t\t\t\t<div class=\"elementor-column elementor-col-33 elementor-top-column elementor-element elementor-element-60947c9e\" data-id=\"60947c9e\" data-element_type=\"column\" data-e-type=\"column\">\n\t\t\t<div class=\"elementor-widget-wrap elementor-element-populated\">\n\t\t\t\t\t\t<div class=\"elementor-element elementor-element-28c96160 elementor-widget elementor-widget-heading\" data-id=\"28c96160\" data-element_type=\"widget\" data-e-type=\"widget\" data-widget_type=\"heading.default\">\n\t\t\t\t<div class=\"elementor-widget-container\">\n\t\t\t\t\t<h1 class=\"elementor-heading-title elementor-size-default\">Mehr Infos<\/h1>\t\t\t\t<\/div>\n\t\t\t\t<\/div>\n\t\t\t\t\t<\/div>\n\t\t<\/div>\n\t\t\t\t<div class=\"elementor-column elementor-col-33 elementor-top-column elementor-element elementor-element-54f71350\" data-id=\"54f71350\" data-element_type=\"column\" data-e-type=\"column\" data-settings=\"{&quot;background_background&quot;:&quot;classic&quot;}\">\n\t\t\t<div class=\"elementor-widget-wrap\">\n\t\t\t\t\t\t\t<\/div>\n\t\t<\/div>\n\t\t\t\t\t<\/div>\n\t\t<\/section>\n\t\t\t\t<section class=\"elementor-section elementor-top-section elementor-element elementor-element-33c3ecb5 elementor-section-boxed elementor-section-height-default elementor-section-height-default\" data-id=\"33c3ecb5\" data-element_type=\"section\" data-e-type=\"section\">\n\t\t\t\t\t\t<div class=\"elementor-container elementor-column-gap-default\">\n\t\t\t\t\t<div class=\"elementor-column elementor-col-100 elementor-top-column elementor-element elementor-element-30eb6d72\" data-id=\"30eb6d72\" data-element_type=\"column\" data-e-type=\"column\">\n\t\t\t<div class=\"elementor-widget-wrap elementor-element-populated\">\n\t\t\t\t\t\t<div class=\"elementor-element elementor-element-78f27c5c elementor-widget elementor-widget-image\" data-id=\"78f27c5c\" data-element_type=\"widget\" data-e-type=\"widget\" data-widget_type=\"image.default\">\n\t\t\t\t<div class=\"elementor-widget-container\">\n\t\t\t\t\t\t\t\t\t\t\t\t\t\t\t<img decoding=\"async\" width=\"234\" height=\"42\" src=\"https:\/\/www.christiania-hotel.com\/wp-content\/uploads\/2021\/06\/Graphisme_H1.png\" class=\"attachment-large size-large wp-image-1055\" alt=\"\" srcset=\"https:\/\/www.christiania-hotel.com\/wp-content\/uploads\/2021\/06\/Graphisme_H1.png 234w, https:\/\/www.christiania-hotel.com\/wp-content\/uploads\/2021\/06\/Graphisme_H1-16x3.png 16w\" sizes=\"(max-width: 234px) 100vw, 234px\" title=\"Foto -\">\t\t\t\t\t\t\t\t\t\t\t\t\t\t\t<\/div>\n\t\t\t\t<\/div>\n\t\t\t\t<div class=\"elementor-element elementor-element-c37ad7d elementor-widget elementor-widget-heading\" data-id=\"c37ad7d\" data-element_type=\"widget\" data-e-type=\"widget\" data-widget_type=\"heading.default\">\n\t\t\t\t<div class=\"elementor-widget-container\">\n\t\t\t\t\t<h2 class=\"elementor-heading-title elementor-size-default\">Charmantes Hotel in Valloire<\/h2>\t\t\t\t<\/div>\n\t\t\t\t<\/div>\n\t\t\t\t<div class=\"elementor-element elementor-element-43f87327 elementor-widget elementor-widget-text-editor\" data-id=\"43f87327\" data-element_type=\"widget\" data-e-type=\"widget\" data-widget_type=\"text-editor.default\">\n\t\t\t\t<div class=\"elementor-widget-container\">\n\t\t\t\t\t\t\t\t\tIm Herzen von Valloire in Savoyen\t\t\t\t\t\t\t\t<\/div>\n\t\t\t\t<\/div>\n\t\t\t\t<div class=\"elementor-element elementor-element-40325a16 elementor-widget elementor-widget-text-editor\" data-id=\"40325a16\" data-element_type=\"widget\" data-e-type=\"widget\" data-widget_type=\"text-editor.default\">\n\t\t\t\t<div class=\"elementor-widget-container\">\n\t\t\t\t\t\t\t\t\t<p><a href=\"http:\/\/www.valloire.net\/fr\/index-hiver.aspx\" rel=\"nofollow noopener\" target=\"_blank\">Valloire Galibier<\/a>\u00a0ist ein bekannter Urlaubsort von\u00a0<a href=\"http:\/\/www.savoie-mont-blanc.com\/\" rel=\"nofollow noopener\" target=\"_blank\">Savoyen<\/a>Im Sommer ist es ebenso angenehm wie im Winter. Das Skigebiet Galibier Thabor verf\u00fcgt \u00fcber 150 Pistenkilometer. Der Snowpark Lac de la Vieille mit einer Halfpipe, einem Skicross, einem Slopestyle und einem Medium Park wird die Nervenkitzel-Suchenden begeistern. Das Dorf Valloire hat sich seinen Charme und Charakter bewahrt, wovon auch Ihre Unterkunft, das Christiania, im Zentrum des Dorfes zeugt. Zwischen den Nationalparks Vanoise und \u00c9crins gelegen, hat Valloire seinen Namen \"Goldenes Tal\" verdient.<\/p><p><a href=\"http:\/\/www.savoie-mont-blanc.com\/\" rel=\"nofollow noopener\" target=\"_blank\">Das Savoy<\/a>\u00a0wird Bergfreunde und Alpinsportler begeistern. Die herrlichen Landschaften und die starke Identit\u00e4t der Savoyer machen diese Region zu einer der reizvollsten Frankreichs.<\/p>\t\t\t\t\t\t\t\t<\/div>\n\t\t\t\t<\/div>\n\t\t\t\t<div class=\"elementor-element elementor-element-435e0343 elementor-widget elementor-widget-text-editor\" data-id=\"435e0343\" data-element_type=\"widget\" data-e-type=\"widget\" data-widget_type=\"text-editor.default\">\n\t\t\t\t<div class=\"elementor-widget-container\">\n\t\t\t\t\t\t\t\t\tValloire im Sommer\t\t\t\t\t\t\t\t<\/div>\n\t\t\t\t<\/div>\n\t\t\t\t<div class=\"elementor-element elementor-element-696c2a3 elementor-widget elementor-widget-text-editor\" data-id=\"696c2a3\" data-element_type=\"widget\" data-e-type=\"widget\" data-widget_type=\"text-editor.default\">\n\t\t\t\t<div class=\"elementor-widget-container\">\n\t\t\t\t\t\t\t\t\t<p>Im Sommer kommen Wanderer und Mountainbiker auf ihre Kosten, denn Valloire verf\u00fcgt \u00fcber 135 km markierte Wanderwege und 11 Mountainbike-Routen f\u00fcr jedes Niveau. Herrliche Panoramen, eines grandioser als das andere, werden sich Ihnen bieten, von den blauen Bergseen von Cerces oder Rochilles, den Alpent\u00e4lern von Neuvachette und Valloirette bis hin zu den beeindruckenden Gipfeln des Grand Galibier... die Mutigsten werden den mythischen\u00a0<strong>Galibier-Pass<\/strong>\u00a0die durch die Tour de France 1911 bekannt wurde. Ein Aufenthalt in Valloire ist auch eine Gelegenheit, eine reiche Fauna und Flora zu entdecken. Um Murmeltiere, G\u00e4mse und Steinb\u00f6cke zu bewundern, m\u00fcssen Sie Geduld haben.<\/p>\t\t\t\t\t\t\t\t<\/div>\n\t\t\t\t<\/div>\n\t\t\t\t<div class=\"elementor-element elementor-element-17c8ceab elementor-widget elementor-widget-text-editor\" data-id=\"17c8ceab\" data-element_type=\"widget\" data-e-type=\"widget\" data-widget_type=\"text-editor.default\">\n\t\t\t\t<div class=\"elementor-widget-container\">\n\t\t\t\t\t\t\t\t\tGem\u00fctliche Unterkunft in Valloire\t\t\t\t\t\t\t\t<\/div>\n\t\t\t\t<\/div>\n\t\t\t\t<div class=\"elementor-element elementor-element-731ef490 elementor-widget elementor-widget-text-editor\" data-id=\"731ef490\" data-element_type=\"widget\" data-e-type=\"widget\" data-widget_type=\"text-editor.default\">\n\t\t\t\t<div class=\"elementor-widget-container\">\n\t\t\t\t\t\t\t\t\t<p>Suchen Sie eine Unterkunft in Valloire? Das Hotel Christiania ist ein idealer Ausgangspunkt zum Skifahren in der Region Savoie. Genie\u00dfen Sie die Gem\u00fctlichkeit der Zimmer und Suiten und wohnen Sie in einem typischen Savoyer-Chalet. In unserem Restaurant in Valloire k\u00f6nnen Sie eine hochwertige K\u00fcche genie\u00dfen, in der frische Produkte vor dem Kamin oder bei sch\u00f6nem Wetter auf der Terrasse verzehrt werden. Nach einem Tag auf der Piste gibt es nichts Sch\u00f6neres, als einen Moment der Entspannung mit seinen Liebsten zu genie\u00dfen. Unsere gem\u00fctliche Bar und Bibliothek bieten einen einzigartigen Rahmen in Valloire.\u00a0<\/p>\t\t\t\t\t\t\t\t<\/div>\n\t\t\t\t<\/div>\n\t\t\t\t<div class=\"elementor-element elementor-element-299213df elementor-widget elementor-widget-image\" data-id=\"299213df\" data-element_type=\"widget\" data-e-type=\"widget\" data-widget_type=\"image.default\">\n\t\t\t\t<div class=\"elementor-widget-container\">\n\t\t\t\t\t\t\t\t\t\t\t\t\t\t\t<img fetchpriority=\"high\" decoding=\"async\" width=\"672\" height=\"410\" src=\"https:\/\/www.christiania-hotel.com\/wp-content\/uploads\/2021\/06\/a2aa45c202234d09c2ced6e875feaf96a0343c45.jpeg\" class=\"attachment-large size-large wp-image-2352\" alt=\"\" srcset=\"https:\/\/www.christiania-hotel.com\/wp-content\/uploads\/2021\/06\/a2aa45c202234d09c2ced6e875feaf96a0343c45.jpeg 672w, https:\/\/www.christiania-hotel.com\/wp-content\/uploads\/2021\/06\/a2aa45c202234d09c2ced6e875feaf96a0343c45-300x183.jpeg 300w, https:\/\/www.christiania-hotel.com\/wp-content\/uploads\/2021\/06\/a2aa45c202234d09c2ced6e875feaf96a0343c45-16x10.jpeg 16w\" sizes=\"(max-width: 672px) 100vw, 672px\" title=\"Foto -\">\t\t\t\t\t\t\t\t\t\t\t\t\t\t\t<\/div>\n\t\t\t\t<\/div>\n\t\t\t\t\t<\/div>\n\t\t<\/div>\n\t\t\t\t\t<\/div>\n\t\t<\/section>\n\t\t\t\t<\/div>","protected":false},"excerpt":{"rendered":"<p>Plus d&rsquo;infos Charmant h\u00f4tel \u00e0 Valloire Au coeur de Valloire en Savoie Valloire Galibier\u00a0est une station r\u00e9put\u00e9e de\u00a0Savoie, aussi agr\u00e9able en \u00e9t\u00e9 qu\u2019en hiver. Le domaine skiable Galibier Thabor regroupe 150 km de pistes. Le Snowpark du Lac de la Vieille avec un half pipe, un ski cross, un slopestyle et un park m\u00e9dium ravira [&hellip;]<\/p>\n","protected":false},"author":7,"featured_media":0,"parent":0,"menu_order":0,"comment_status":"closed","ping_status":"closed","template":"","meta":{"footnotes":""},"class_list":["post-2635","page","type-page","status-publish","hentry"],"_links":{"self":[{"href":"https:\/\/www.christiania-hotel.com\/de\/wp-json\/wp\/v2\/pages\/2635","targetHints":{"allow":["GET"]}}],"collection":[{"href":"https:\/\/www.christiania-hotel.com\/de\/wp-json\/wp\/v2\/pages"}],"about":[{"href":"https:\/\/www.christiania-hotel.com\/de\/wp-json\/wp\/v2\/types\/page"}],"author":[{"embeddable":true,"href":"https:\/\/www.christiania-hotel.com\/de\/wp-json\/wp\/v2\/users\/7"}],"replies":[{"embeddable":true,"href":"https:\/\/www.christiania-hotel.com\/de\/wp-json\/wp\/v2\/comments?post=2635"}],"version-history":[{"count":10,"href":"https:\/\/www.christiania-hotel.com\/de\/wp-json\/wp\/v2\/pages\/2635\/revisions"}],"predecessor-version":[{"id":7920,"href":"https:\/\/www.christiania-hotel.com\/de\/wp-json\/wp\/v2\/pages\/2635\/revisions\/7920"}],"wp:attachment":[{"href":"https:\/\/www.christiania-hotel.com\/de\/wp-json\/wp\/v2\/media?parent=2635"}],"curies":[{"name":"wp","href":"https:\/\/api.w.org\/{rel}","templated":true}]}}