{"id":2349,"date":"2021-06-11T10:41:19","date_gmt":"2021-06-11T08:41:19","guid":{"rendered":"https:\/\/www.christiania-hotel.com\/?page_id=2349"},"modified":"2021-11-16T12:08:54","modified_gmt":"2021-11-16T11:08:54","slug":"a-choice-of-accommodation","status":"publish","type":"page","link":"https:\/\/www.christiania-hotel.com\/en\/un-hebergement-de-choix\/","title":{"rendered":"A choice of accommodation"},"content":{"rendered":"<div data-elementor-type=\"wp-page\" data-elementor-id=\"2349\" class=\"elementor elementor-2349\" data-elementor-post-type=\"page\">\n\t\t\t\t\t\t<section class=\"elementor-section elementor-top-section elementor-element elementor-element-587a5729 bandeau elementor-section-boxed elementor-section-height-default elementor-section-height-default\" data-id=\"587a5729\" data-element_type=\"section\" data-e-type=\"section\" data-settings=\"{&quot;background_background&quot;:&quot;classic&quot;}\">\n\t\t\t\t\t\t<div class=\"elementor-container elementor-column-gap-default\">\n\t\t\t\t\t<div class=\"elementor-column elementor-col-33 elementor-top-column elementor-element elementor-element-74208184\" data-id=\"74208184\" data-element_type=\"column\" data-e-type=\"column\" data-settings=\"{&quot;background_background&quot;:&quot;classic&quot;}\">\n\t\t\t<div class=\"elementor-widget-wrap\">\n\t\t\t\t\t\t\t<\/div>\n\t\t<\/div>\n\t\t\t\t<div class=\"elementor-column elementor-col-33 elementor-top-column elementor-element elementor-element-426eafad\" data-id=\"426eafad\" data-element_type=\"column\" data-e-type=\"column\">\n\t\t\t<div class=\"elementor-widget-wrap elementor-element-populated\">\n\t\t\t\t\t\t<div class=\"elementor-element elementor-element-1b0f994 elementor-widget elementor-widget-heading\" data-id=\"1b0f994\" data-element_type=\"widget\" data-e-type=\"widget\" data-widget_type=\"heading.default\">\n\t\t\t\t<div class=\"elementor-widget-container\">\n\t\t\t\t\t<h1 class=\"elementor-heading-title elementor-size-default\">More info<\/h1>\t\t\t\t<\/div>\n\t\t\t\t<\/div>\n\t\t\t\t\t<\/div>\n\t\t<\/div>\n\t\t\t\t<div class=\"elementor-column elementor-col-33 elementor-top-column elementor-element elementor-element-305c914d\" data-id=\"305c914d\" data-element_type=\"column\" data-e-type=\"column\" data-settings=\"{&quot;background_background&quot;:&quot;classic&quot;}\">\n\t\t\t<div class=\"elementor-widget-wrap\">\n\t\t\t\t\t\t\t<\/div>\n\t\t<\/div>\n\t\t\t\t\t<\/div>\n\t\t<\/section>\n\t\t\t\t<section class=\"elementor-section elementor-top-section elementor-element elementor-element-33fb40a2 elementor-section-boxed elementor-section-height-default elementor-section-height-default\" data-id=\"33fb40a2\" data-element_type=\"section\" data-e-type=\"section\">\n\t\t\t\t\t\t<div class=\"elementor-container elementor-column-gap-default\">\n\t\t\t\t\t<div class=\"elementor-column elementor-col-100 elementor-top-column elementor-element elementor-element-64db0781\" data-id=\"64db0781\" data-element_type=\"column\" data-e-type=\"column\">\n\t\t\t<div class=\"elementor-widget-wrap elementor-element-populated\">\n\t\t\t\t\t\t<div class=\"elementor-element elementor-element-40c3b85 elementor-widget elementor-widget-image\" data-id=\"40c3b85\" data-element_type=\"widget\" data-e-type=\"widget\" data-widget_type=\"image.default\">\n\t\t\t\t<div class=\"elementor-widget-container\">\n\t\t\t\t\t\t\t\t\t\t\t\t\t\t\t<img decoding=\"async\" width=\"234\" height=\"42\" src=\"https:\/\/www.christiania-hotel.com\/wp-content\/uploads\/2021\/06\/Graphisme_H1.png\" class=\"attachment-large size-large wp-image-1055\" alt=\"\" srcset=\"https:\/\/www.christiania-hotel.com\/wp-content\/uploads\/2021\/06\/Graphisme_H1.png 234w, https:\/\/www.christiania-hotel.com\/wp-content\/uploads\/2021\/06\/Graphisme_H1-16x3.png 16w\" sizes=\"(max-width: 234px) 100vw, 234px\" title=\"Photo -\">\t\t\t\t\t\t\t\t\t\t\t\t\t\t\t<\/div>\n\t\t\t\t<\/div>\n\t\t\t\t<div class=\"elementor-element elementor-element-30ebd5dd elementor-widget elementor-widget-heading\" data-id=\"30ebd5dd\" data-element_type=\"widget\" data-e-type=\"widget\" data-widget_type=\"heading.default\">\n\t\t\t\t<div class=\"elementor-widget-container\">\n\t\t\t\t\t<h2 class=\"elementor-heading-title elementor-size-default\">A choice of accommodation<\/h2>\t\t\t\t<\/div>\n\t\t\t\t<\/div>\n\t\t\t\t<div class=\"elementor-element elementor-element-4bf63ce4 elementor-widget elementor-widget-text-editor\" data-id=\"4bf63ce4\" data-element_type=\"widget\" data-e-type=\"widget\" data-widget_type=\"text-editor.default\">\n\t\t\t\t<div class=\"elementor-widget-container\">\n\t\t\t\t\t\t\t\t\tIn the heart of Valloire in Savoie\t\t\t\t\t\t\t\t<\/div>\n\t\t\t\t<\/div>\n\t\t\t\t<div class=\"elementor-element elementor-element-5d9f0941 elementor-widget elementor-widget-text-editor\" data-id=\"5d9f0941\" data-element_type=\"widget\" data-e-type=\"widget\" data-widget_type=\"text-editor.default\">\n\t\t\t\t<div class=\"elementor-widget-container\">\n\t\t\t\t\t\t\t\t\t<p><a href=\"http:\/\/www.valloire.net\/fr\/index-hiver.aspx\" rel=\"nofollow noopener\" target=\"_blank\">Valloire Galibier<\/a>\u00a0is a well-known resort of\u00a0<a href=\"http:\/\/www.savoie-mont-blanc.com\/\" rel=\"nofollow noopener\" target=\"_blank\">Savoie<\/a>It is as pleasant in summer as in winter. The Galibier Thabor ski area has 150 km of runs. The Lac de la Vieille Snowpark with a half pipe, a ski cross, a slopestyle and a medium park will delight thrill seekers. The village of Valloire has retained its charm and character, as evidenced by your accommodation, the Christiania, in the centre of the village. Between the Vanoise and \u00c9crins national parks, Valloire deserves its name of \"Golden Valley\".<\/p><p><a href=\"http:\/\/www.savoie-mont-blanc.com\/\" rel=\"nofollow noopener\" target=\"_blank\">The Savoy<\/a>\u00a0will delight mountain lovers and alpine sports enthusiasts. The superb landscapes and the strong identity of the Savoyards make this region one of the most endearing in France.<\/p>\t\t\t\t\t\t\t\t<\/div>\n\t\t\t\t<\/div>\n\t\t\t\t<div class=\"elementor-element elementor-element-76dff61e elementor-widget elementor-widget-text-editor\" data-id=\"76dff61e\" data-element_type=\"widget\" data-e-type=\"widget\" data-widget_type=\"text-editor.default\">\n\t\t\t\t<div class=\"elementor-widget-container\">\n\t\t\t\t\t\t\t\t\tValloire in summer\t\t\t\t\t\t\t\t<\/div>\n\t\t\t\t<\/div>\n\t\t\t\t<div class=\"elementor-element elementor-element-767312a8 elementor-widget elementor-widget-text-editor\" data-id=\"767312a8\" data-element_type=\"widget\" data-e-type=\"widget\" data-widget_type=\"text-editor.default\">\n\t\t\t\t<div class=\"elementor-widget-container\">\n\t\t\t\t\t\t\t\t\t<p>In summer, hiking and mountain biking enthusiasts will not be left out, as Valloire has 135 km of marked trails and 11 mountain bike routes for all levels. Magnificent panoramas, each more grandiose than the last, will be offered to you, from the blue mountain lakes of Cerces or Rochilles, the alpine valleys of Neuvachette and Valloirette, as well as the impressive summits of Grand Galibier... the most courageous will be able to tackle the mythical\u00a0<strong>Galibier Pass<\/strong>\u00a0made famous by the Tour de France in 1911. A stay in Valloire will also be an opportunity to discover a rich fauna and flora. You will have to be patient to admire marmots, chamois and ibexes.<\/p>\t\t\t\t\t\t\t\t<\/div>\n\t\t\t\t<\/div>\n\t\t\t\t<div class=\"elementor-element elementor-element-261ca33d elementor-widget elementor-widget-text-editor\" data-id=\"261ca33d\" data-element_type=\"widget\" data-e-type=\"widget\" data-widget_type=\"text-editor.default\">\n\t\t\t\t<div class=\"elementor-widget-container\">\n\t\t\t\t\t\t\t\t\tCosy accommodation in Valloire\t\t\t\t\t\t\t\t<\/div>\n\t\t\t\t<\/div>\n\t\t\t\t<div class=\"elementor-element elementor-element-12ed77b3 elementor-widget elementor-widget-text-editor\" data-id=\"12ed77b3\" data-element_type=\"widget\" data-e-type=\"widget\" data-widget_type=\"text-editor.default\">\n\t\t\t\t<div class=\"elementor-widget-container\">\n\t\t\t\t\t\t\t\t\t<p>Are you looking for accommodation in Valloire? The Christiania hotel is ideally located for skiing in the Savoie region. Enjoy the cosy setting of its rooms and suites while staying in a typical Savoyard chalet. In our restaurant in Valloire, you can enjoy a quality cuisine where fresh products are honoured by the fireplace or on the terrace when the weather is fine. After a day on the slopes, there is nothing like enjoying a moment of relaxation with your loved ones. Our cosy bar and library offer a unique setting in Valloire.\u00a0<\/p>\t\t\t\t\t\t\t\t<\/div>\n\t\t\t\t<\/div>\n\t\t\t\t<div class=\"elementor-element elementor-element-1e09f4f1 elementor-widget elementor-widget-image\" data-id=\"1e09f4f1\" data-element_type=\"widget\" data-e-type=\"widget\" data-widget_type=\"image.default\">\n\t\t\t\t<div class=\"elementor-widget-container\">\n\t\t\t\t\t\t\t\t\t\t\t\t\t\t\t<img fetchpriority=\"high\" decoding=\"async\" width=\"672\" height=\"410\" src=\"https:\/\/www.christiania-hotel.com\/wp-content\/uploads\/2021\/06\/a2aa45c202234d09c2ced6e875feaf96a0343c45.jpeg\" class=\"attachment-large size-large wp-image-2352\" alt=\"\" srcset=\"https:\/\/www.christiania-hotel.com\/wp-content\/uploads\/2021\/06\/a2aa45c202234d09c2ced6e875feaf96a0343c45.jpeg 672w, https:\/\/www.christiania-hotel.com\/wp-content\/uploads\/2021\/06\/a2aa45c202234d09c2ced6e875feaf96a0343c45-300x183.jpeg 300w, https:\/\/www.christiania-hotel.com\/wp-content\/uploads\/2021\/06\/a2aa45c202234d09c2ced6e875feaf96a0343c45-16x10.jpeg 16w\" sizes=\"(max-width: 672px) 100vw, 672px\" title=\"Photo -\">\t\t\t\t\t\t\t\t\t\t\t\t\t\t\t<\/div>\n\t\t\t\t<\/div>\n\t\t\t\t\t<\/div>\n\t\t<\/div>\n\t\t\t\t\t<\/div>\n\t\t<\/section>\n\t\t\t\t<\/div>","protected":false},"excerpt":{"rendered":"<p>Plus d&rsquo;infos Un h\u00e9bergement de choix Au coeur de Valloire en Savoie Valloire Galibier\u00a0est une station r\u00e9put\u00e9e de\u00a0Savoie, aussi agr\u00e9able en \u00e9t\u00e9 qu\u2019en hiver. Le domaine skiable Galibier Thabor regroupe 150 km de pistes. Le Snowpark du Lac de la Vieille avec un half pipe, un ski cross, un slopestyle et un park m\u00e9dium ravira [&hellip;]<\/p>\n","protected":false},"author":7,"featured_media":0,"parent":0,"menu_order":0,"comment_status":"closed","ping_status":"closed","template":"","meta":{"footnotes":""},"class_list":["post-2349","page","type-page","status-publish","hentry"],"_links":{"self":[{"href":"https:\/\/www.christiania-hotel.com\/en\/wp-json\/wp\/v2\/pages\/2349","targetHints":{"allow":["GET"]}}],"collection":[{"href":"https:\/\/www.christiania-hotel.com\/en\/wp-json\/wp\/v2\/pages"}],"about":[{"href":"https:\/\/www.christiania-hotel.com\/en\/wp-json\/wp\/v2\/types\/page"}],"author":[{"embeddable":true,"href":"https:\/\/www.christiania-hotel.com\/en\/wp-json\/wp\/v2\/users\/7"}],"replies":[{"embeddable":true,"href":"https:\/\/www.christiania-hotel.com\/en\/wp-json\/wp\/v2\/comments?post=2349"}],"version-history":[{"count":10,"href":"https:\/\/www.christiania-hotel.com\/en\/wp-json\/wp\/v2\/pages\/2349\/revisions"}],"predecessor-version":[{"id":7917,"href":"https:\/\/www.christiania-hotel.com\/en\/wp-json\/wp\/v2\/pages\/2349\/revisions\/7917"}],"wp:attachment":[{"href":"https:\/\/www.christiania-hotel.com\/en\/wp-json\/wp\/v2\/media?parent=2349"}],"curies":[{"name":"wp","href":"https:\/\/api.w.org\/{rel}","templated":true}]}}