{"id":2637,"date":"2021-06-12T16:42:52","date_gmt":"2021-06-12T14:42:52","guid":{"rendered":"https:\/\/www.christiania-hotel.com\/?page_id=2637"},"modified":"2021-11-16T12:09:00","modified_gmt":"2021-11-16T11:09:00","slug":"stay-with-relatives-savoie","status":"publish","type":"page","link":"https:\/\/www.christiania-hotel.com\/en\/sejour-avec-proches-savoie\/","title":{"rendered":"Stay with your family in Savoie"},"content":{"rendered":"<div data-elementor-type=\"wp-page\" data-elementor-id=\"2637\" class=\"elementor elementor-2637\" data-elementor-post-type=\"page\">\n\t\t\t\t\t\t<section class=\"elementor-section elementor-top-section elementor-element elementor-element-478ac5cb bandeau elementor-section-boxed elementor-section-height-default elementor-section-height-default\" data-id=\"478ac5cb\" data-element_type=\"section\" data-e-type=\"section\" data-settings=\"{&quot;background_background&quot;:&quot;classic&quot;}\">\n\t\t\t\t\t\t<div class=\"elementor-container elementor-column-gap-default\">\n\t\t\t\t\t<div class=\"elementor-column elementor-col-33 elementor-top-column elementor-element elementor-element-4601f12a\" data-id=\"4601f12a\" data-element_type=\"column\" data-e-type=\"column\" data-settings=\"{&quot;background_background&quot;:&quot;classic&quot;}\">\n\t\t\t<div class=\"elementor-widget-wrap\">\n\t\t\t\t\t\t\t<\/div>\n\t\t<\/div>\n\t\t\t\t<div class=\"elementor-column elementor-col-33 elementor-top-column elementor-element elementor-element-34d180d7\" data-id=\"34d180d7\" data-element_type=\"column\" data-e-type=\"column\">\n\t\t\t<div class=\"elementor-widget-wrap elementor-element-populated\">\n\t\t\t\t\t\t<div class=\"elementor-element elementor-element-502f4463 elementor-widget elementor-widget-heading\" data-id=\"502f4463\" data-element_type=\"widget\" data-e-type=\"widget\" data-widget_type=\"heading.default\">\n\t\t\t\t<div class=\"elementor-widget-container\">\n\t\t\t\t\t<h1 class=\"elementor-heading-title elementor-size-default\">More info<\/h1>\t\t\t\t<\/div>\n\t\t\t\t<\/div>\n\t\t\t\t\t<\/div>\n\t\t<\/div>\n\t\t\t\t<div class=\"elementor-column elementor-col-33 elementor-top-column elementor-element elementor-element-3c8067ad\" data-id=\"3c8067ad\" data-element_type=\"column\" data-e-type=\"column\" data-settings=\"{&quot;background_background&quot;:&quot;classic&quot;}\">\n\t\t\t<div class=\"elementor-widget-wrap\">\n\t\t\t\t\t\t\t<\/div>\n\t\t<\/div>\n\t\t\t\t\t<\/div>\n\t\t<\/section>\n\t\t\t\t<section class=\"elementor-section elementor-top-section elementor-element elementor-element-65d8285b elementor-section-boxed elementor-section-height-default elementor-section-height-default\" data-id=\"65d8285b\" data-element_type=\"section\" data-e-type=\"section\">\n\t\t\t\t\t\t<div class=\"elementor-container elementor-column-gap-default\">\n\t\t\t\t\t<div class=\"elementor-column elementor-col-100 elementor-top-column elementor-element elementor-element-6ec39edc\" data-id=\"6ec39edc\" data-element_type=\"column\" data-e-type=\"column\">\n\t\t\t<div class=\"elementor-widget-wrap elementor-element-populated\">\n\t\t\t\t\t\t<div class=\"elementor-element elementor-element-1d8c9846 elementor-widget elementor-widget-image\" data-id=\"1d8c9846\" data-element_type=\"widget\" data-e-type=\"widget\" data-widget_type=\"image.default\">\n\t\t\t\t<div class=\"elementor-widget-container\">\n\t\t\t\t\t\t\t\t\t\t\t\t\t\t\t<img decoding=\"async\" width=\"234\" height=\"42\" src=\"https:\/\/www.christiania-hotel.com\/wp-content\/uploads\/2021\/06\/Graphisme_H1.png\" class=\"attachment-large size-large wp-image-1055\" alt=\"\" srcset=\"https:\/\/www.christiania-hotel.com\/wp-content\/uploads\/2021\/06\/Graphisme_H1.png 234w, https:\/\/www.christiania-hotel.com\/wp-content\/uploads\/2021\/06\/Graphisme_H1-16x3.png 16w\" sizes=\"(max-width: 234px) 100vw, 234px\" title=\"Photo -\">\t\t\t\t\t\t\t\t\t\t\t\t\t\t\t<\/div>\n\t\t\t\t<\/div>\n\t\t\t\t<div class=\"elementor-element elementor-element-5ca41818 elementor-widget elementor-widget-heading\" data-id=\"5ca41818\" data-element_type=\"widget\" data-e-type=\"widget\" data-widget_type=\"heading.default\">\n\t\t\t\t<div class=\"elementor-widget-container\">\n\t\t\t\t\t<h2 class=\"elementor-heading-title elementor-size-default\">Stay with your family in Savoie<\/h2>\t\t\t\t<\/div>\n\t\t\t\t<\/div>\n\t\t\t\t<div class=\"elementor-element elementor-element-3cdfe861 elementor-widget elementor-widget-text-editor\" data-id=\"3cdfe861\" data-element_type=\"widget\" data-e-type=\"widget\" data-widget_type=\"text-editor.default\">\n\t\t\t\t<div class=\"elementor-widget-container\">\n\t\t\t\t\t\t\t\t\tIn the heart of Valloire in Savoie\t\t\t\t\t\t\t\t<\/div>\n\t\t\t\t<\/div>\n\t\t\t\t<div class=\"elementor-element elementor-element-3ac93efd elementor-widget elementor-widget-text-editor\" data-id=\"3ac93efd\" data-element_type=\"widget\" data-e-type=\"widget\" data-widget_type=\"text-editor.default\">\n\t\t\t\t<div class=\"elementor-widget-container\">\n\t\t\t\t\t\t\t\t\t<p><a href=\"http:\/\/www.valloire.net\/fr\/index-hiver.aspx\" rel=\"nofollow noopener\" target=\"_blank\">Valloire Galibier<\/a>\u00a0is a well-known resort of\u00a0<a href=\"http:\/\/www.savoie-mont-blanc.com\/\" rel=\"nofollow noopener\" target=\"_blank\">Savoie<\/a>It is as pleasant in summer as in winter. The Galibier Thabor ski area has 150 km of runs. The Lac de la Vieille Snowpark with a half pipe, a ski cross, a slopestyle and a medium park will delight thrill seekers. The village of Valloire has retained its charm and character, as evidenced by your accommodation, the Christiania, in the centre of the village. Between the Vanoise and \u00c9crins national parks, Valloire deserves its name of \"Golden Valley\".<\/p><p><a href=\"http:\/\/www.savoie-mont-blanc.com\/\" rel=\"nofollow noopener\" target=\"_blank\">The Savoy<\/a>\u00a0will delight mountain lovers and alpine sports enthusiasts. The superb landscapes and the strong identity of the Savoyards make this region one of the most endearing in France.<\/p>\t\t\t\t\t\t\t\t<\/div>\n\t\t\t\t<\/div>\n\t\t\t\t<div class=\"elementor-element elementor-element-3640afea elementor-widget elementor-widget-text-editor\" data-id=\"3640afea\" data-element_type=\"widget\" data-e-type=\"widget\" data-widget_type=\"text-editor.default\">\n\t\t\t\t<div class=\"elementor-widget-container\">\n\t\t\t\t\t\t\t\t\tValloire in summer\t\t\t\t\t\t\t\t<\/div>\n\t\t\t\t<\/div>\n\t\t\t\t<div class=\"elementor-element elementor-element-3f719ff9 elementor-widget elementor-widget-text-editor\" data-id=\"3f719ff9\" data-element_type=\"widget\" data-e-type=\"widget\" data-widget_type=\"text-editor.default\">\n\t\t\t\t<div class=\"elementor-widget-container\">\n\t\t\t\t\t\t\t\t\t<p>In summer, hiking and mountain biking enthusiasts will not be left out, as Valloire has 135 km of marked trails and 11 mountain bike routes for all levels. Magnificent panoramas, each more grandiose than the last, will be offered to you, from the blue mountain lakes of Cerces or Rochilles, the alpine valleys of Neuvachette and Valloirette, as well as the impressive summits of Grand Galibier... the most courageous will be able to tackle the mythical\u00a0<strong>Galibier Pass<\/strong>\u00a0made famous by the Tour de France in 1911. A stay in Valloire will also be an opportunity to discover a rich fauna and flora. You will have to be patient to admire marmots, chamois and ibexes.<\/p>\t\t\t\t\t\t\t\t<\/div>\n\t\t\t\t<\/div>\n\t\t\t\t<div class=\"elementor-element elementor-element-4769553f elementor-widget elementor-widget-text-editor\" data-id=\"4769553f\" data-element_type=\"widget\" data-e-type=\"widget\" data-widget_type=\"text-editor.default\">\n\t\t\t\t<div class=\"elementor-widget-container\">\n\t\t\t\t\t\t\t\t\tCosy accommodation in Valloire\t\t\t\t\t\t\t\t<\/div>\n\t\t\t\t<\/div>\n\t\t\t\t<div class=\"elementor-element elementor-element-751773fe elementor-widget elementor-widget-text-editor\" data-id=\"751773fe\" data-element_type=\"widget\" data-e-type=\"widget\" data-widget_type=\"text-editor.default\">\n\t\t\t\t<div class=\"elementor-widget-container\">\n\t\t\t\t\t\t\t\t\t<p>Are you looking for accommodation in Valloire? The Christiania hotel is ideally located for skiing in the Savoie region. Enjoy the cosy setting of its rooms and suites while staying in a typical Savoyard chalet. In our restaurant in Valloire, you can enjoy a quality cuisine where fresh products are honoured by the fireplace or on the terrace when the weather is fine. After a day on the slopes, there is nothing like enjoying a moment of relaxation with your loved ones. Our cosy bar and library offer a unique setting in Valloire.\u00a0<\/p>\t\t\t\t\t\t\t\t<\/div>\n\t\t\t\t<\/div>\n\t\t\t\t<div class=\"elementor-element elementor-element-6996df1 elementor-widget elementor-widget-image\" data-id=\"6996df1\" data-element_type=\"widget\" data-e-type=\"widget\" data-widget_type=\"image.default\">\n\t\t\t\t<div class=\"elementor-widget-container\">\n\t\t\t\t\t\t\t\t\t\t\t\t\t\t\t<img fetchpriority=\"high\" decoding=\"async\" width=\"672\" height=\"410\" src=\"https:\/\/www.christiania-hotel.com\/wp-content\/uploads\/2021\/06\/a2aa45c202234d09c2ced6e875feaf96a0343c45.jpeg\" class=\"attachment-large size-large wp-image-2352\" alt=\"\" srcset=\"https:\/\/www.christiania-hotel.com\/wp-content\/uploads\/2021\/06\/a2aa45c202234d09c2ced6e875feaf96a0343c45.jpeg 672w, https:\/\/www.christiania-hotel.com\/wp-content\/uploads\/2021\/06\/a2aa45c202234d09c2ced6e875feaf96a0343c45-300x183.jpeg 300w, https:\/\/www.christiania-hotel.com\/wp-content\/uploads\/2021\/06\/a2aa45c202234d09c2ced6e875feaf96a0343c45-16x10.jpeg 16w\" sizes=\"(max-width: 672px) 100vw, 672px\" title=\"Photo -\">\t\t\t\t\t\t\t\t\t\t\t\t\t\t\t<\/div>\n\t\t\t\t<\/div>\n\t\t\t\t\t<\/div>\n\t\t<\/div>\n\t\t\t\t\t<\/div>\n\t\t<\/section>\n\t\t\t\t<\/div>","protected":false},"excerpt":{"rendered":"<p>Plus d&rsquo;infos S\u00e9jour avec vos proches en savoie Au coeur de Valloire en Savoie Valloire Galibier\u00a0est une station r\u00e9put\u00e9e de\u00a0Savoie, aussi agr\u00e9able en \u00e9t\u00e9 qu\u2019en hiver. Le domaine skiable Galibier Thabor regroupe 150 km de pistes. Le Snowpark du Lac de la Vieille avec un half pipe, un ski cross, un slopestyle et un park [&hellip;]<\/p>\n","protected":false},"author":7,"featured_media":0,"parent":0,"menu_order":0,"comment_status":"closed","ping_status":"closed","template":"","meta":{"footnotes":""},"class_list":["post-2637","page","type-page","status-publish","hentry"],"_links":{"self":[{"href":"https:\/\/www.christiania-hotel.com\/en\/wp-json\/wp\/v2\/pages\/2637","targetHints":{"allow":["GET"]}}],"collection":[{"href":"https:\/\/www.christiania-hotel.com\/en\/wp-json\/wp\/v2\/pages"}],"about":[{"href":"https:\/\/www.christiania-hotel.com\/en\/wp-json\/wp\/v2\/types\/page"}],"author":[{"embeddable":true,"href":"https:\/\/www.christiania-hotel.com\/en\/wp-json\/wp\/v2\/users\/7"}],"replies":[{"embeddable":true,"href":"https:\/\/www.christiania-hotel.com\/en\/wp-json\/wp\/v2\/comments?post=2637"}],"version-history":[{"count":10,"href":"https:\/\/www.christiania-hotel.com\/en\/wp-json\/wp\/v2\/pages\/2637\/revisions"}],"predecessor-version":[{"id":7923,"href":"https:\/\/www.christiania-hotel.com\/en\/wp-json\/wp\/v2\/pages\/2637\/revisions\/7923"}],"wp:attachment":[{"href":"https:\/\/www.christiania-hotel.com\/en\/wp-json\/wp\/v2\/media?parent=2637"}],"curies":[{"name":"wp","href":"https:\/\/api.w.org\/{rel}","templated":true}]}}